{"id":1823,"date":"2024-06-06T07:44:22","date_gmt":"2024-06-06T07:44:22","guid":{"rendered":"https:\/\/obalasplit.hr\/?page_id=1823"},"modified":"2024-06-06T11:24:05","modified_gmt":"2024-06-06T11:24:05","slug":"pristup-informacijama","status":"publish","type":"page","link":"https:\/\/obalasplit.hr\/hr\/pristup-informacijama\/","title":{"rendered":"Pristup informacijama"},"content":{"rendered":"<p><strong>Op\u0107e informacije<\/strong><br>Pravo na pristup informacijama i ponovnu uporabu informacija ostvaruje se u skladu sa Zakonom o pravu na pristup informacijama (\u201eNarodne novine\u201c broj 25\/13, 85\/15 i 69\/22).<br>Informacija je svaki podatak koji posjeduje tijelo javne vlasti u obliku dokumenta, zapisa, dosjea, registra, neovisno o na\u010dinu na koji je prikazan (napisani, nacrtani, tiskani, snimljeni, magnetni, opti\u010dki, elektroni\u010dki ili neki drugi zapis), koji je tijelo izradilo samo ili u suradnji s drugim tijelima ili dobilo od druge osobe, a nastao je u okviru djelokruga ili u vezi s organizacijom i radom tijela javne vlasti.<br>Pravo na pristup informacijama obuhva\u0107a pravo korisnika na tra\u017eenje i dobivanje informacije kao i obvezu tijela javne vlasti da omogu\u0107i pristup zatra\u017eenoj informaciji, odnosno da objavljuje informacije neovisno o postavljenom zahtjevu kada takvo objavljivanje proizlazi iz obveze odre\u0111ene zakonom ili drugim propisom.<br>Ponovna uporaba informacija zna\u010di uporabu informacija tijela javne vlasti od strane fizi\u010dkih ili pravnih osoba, u komercijalnu ili nekomercijalnu svrhu razli\u010ditu od izvorne svrhe za koju su informacije nastale, a koja se ostvaruje u okviru zakonom ili drugim propisom odre\u0111enog djelokruga ili posla koji se uobi\u010dajeno smatra javnim poslom. Razmjena informacija izme\u0111u tijela javne vlasti radi obavljanja poslova iz njihova djelokruga n predstavlja ponovnu uporabu.<br>Korisnik prava na pristup informacijama i ponovnu uporabu informacija ostvaruje pravo na pristup informaciji podno\u0161enjem usmenog ili pisanog zahtjeva.<\/p>\n\n\n\n<p><strong>Primanje usmenih zahtjeva<\/strong><br>Usmeni zahtjevi primaju se na zapisnik svaki radni dan od 8,00 do 15,00 sati u sjedi\u0161tu Obala d.o.o. na adresi  Gat.Svetog Duje 1, Split ili na broj: +385 98 98 444 55<\/p>\n\n\n\n<p><strong>Dostavljanje pisanih zahtjeva<\/strong><br>Pisani zahtjevi se dostavljaju:<br>\u2022&nbsp; putem elektroni\u010dke po\u0161te:&nbsp; <a href=\"mailto:obala@obalasplit.hr\">obala@obalasplit.hr<\/a><br>\u2022&nbsp; po\u0161tom na adresu: Obala d.o.o., Gat.Svetog Duje 1, 21000 Split<br>Pisani zahtjev sadr\u017ei: naziv i sjedi\u0161te tijela javne vlasti kojem se zahtjev podnosi, podatke koji su va\u017eni za prepoznavanje tra\u017eene informacije, ime i prezime i adresu fizi\u010dke osobe podnositelja zahtjeva, tvrtku, odnosno naziv pravne osobe i njezino sjedi\u0161te.<br>Ne smatra se zahtjevom za pristup informacijama tra\u017eenje uvida u cjelokupni spis predmeta, obja\u0161njenja ili uputa vezanih uz ostvarivanje nekog prava ili izvr\u0161avanje obveze, izrade analize ili tuma\u010denja nekog propisa, kao ni stvaranje nove informacije.<\/p>\n\n\n\n<p><strong>Slu\u017ebenik za informiranje<\/strong><br>Ivo Lasi\u0107, dipl.ing.gra\u0111.,&nbsp;Obala d.o.o., Gat.Svetog Duje 1, 21000 Split<br>tel: +385 99 398 5941<br>e-mail: <a href=\"mailto:obala@obalasplit.hr\">obala@obalasplit.hr<\/a><\/p>\n\n\n\n<p><strong>Pravo na naknadu stvarnih materijalnih tro\u0161kova\u00a0i tro\u0161kova dostave informacije<\/strong><br>Obala d.o.o. ima pravo na naknadu stvarnih materijalnih tro\u0161kova koji nastanu pru\u017eanjem informacije korisniku prava na pristup informacijama i ponovnu uporabu informacija, kao i naknadu tro\u0161kova dostave tra\u017eene informacije koji se napla\u0107uju sukladno Kriteriju za odre\u0111ivanje visine naknade stvarnih materijalnih tro\u0161kova i tro\u0161kova dostave informacije (Narodne novine 12\/14) na temelju \u010dlanka 19. stavka 2. Zakona o pravu na pristup informacijama.<\/p>\n\n\n\n<p><strong>Pravni okvir i obrasci<\/strong><br>Zakon o pravu na pristup informacijama&nbsp;(N.N. br.&nbsp;<a href=\"https:\/\/narodne-novine.nn.hr\/clanci\/sluzbeni\/2013_02_25_403.html\" target=\"_blank\" rel=\"noreferrer noopener\">25\/13<\/a>,&nbsp;<a href=\"https:\/\/narodne-novine.nn.hr\/clanci\/sluzbeni\/2015_08_85_1649.html\" target=\"_blank\" rel=\"noreferrer noopener\">85\/15<\/a>&nbsp;i&nbsp;<a href=\"https:\/\/narodne-novine.nn.hr\/clanci\/sluzbeni\/full\/2022_06_69_1025.html\" target=\"_blank\" rel=\"noreferrer noopener\">69\/22<\/a>)<br>Kriteriji za odre\u0111ivanje visine naknade stvarnih materijalnih tro\u0161kova i tro\u0161kova dostave informacije (N.N. br.&nbsp;<a href=\"https:\/\/narodne-novine.nn.hr\/clanci\/sluzbeni\/2014_01_12_231.html\" target=\"_blank\" rel=\"noreferrer noopener\">12\/14<\/a>)<br>Ispravak Kriterija za odre\u0111ivanje visine naknade stvarnih materijalnih tro\u0161kova i tro\u0161kova dostave informacije (N.N. br.<a href=\"https:\/\/narodne-novine.nn.hr\/clanci\/sluzbeni\/2014_02_15_316.html\" target=\"_blank\" rel=\"noreferrer noopener\">15\/14<\/a>)<br>Izmjene Kriterija za odre\u0111ivanje visine naknade stvarnih materijalnih tro\u0161kova i tro\u0161kova dostave informacije (N.N. br.&nbsp;<a href=\"https:\/\/narodne-novine.nn.hr\/clanci\/sluzbeni\/2022_12_141_2149.html\" target=\"_blank\" rel=\"noreferrer noopener\">141\/22<\/a>)<\/p>\n\n\n\n<p><\/p>","protected":false},"excerpt":{"rendered":"<p>Op\u0107e informacijePravo na pristup informacijama i ponovnu uporabu informacija ostvaruje se u skladu sa Zakonom o pravu na pristup informacijama (\u201eNarodne novine\u201c broj 25\/13, 85\/15 i 69\/22).Informacija je svaki podatak &#8230;<\/p>","protected":false},"author":1,"featured_media":0,"parent":0,"menu_order":0,"comment_status":"closed","ping_status":"closed","template":"","meta":{"footnotes":""},"class_list":["post-1823","page","type-page","status-publish","hentry"],"_links":{"self":[{"href":"https:\/\/obalasplit.hr\/hr\/wp-json\/wp\/v2\/pages\/1823","targetHints":{"allow":["GET"]}}],"collection":[{"href":"https:\/\/obalasplit.hr\/hr\/wp-json\/wp\/v2\/pages"}],"about":[{"href":"https:\/\/obalasplit.hr\/hr\/wp-json\/wp\/v2\/types\/page"}],"author":[{"embeddable":true,"href":"https:\/\/obalasplit.hr\/hr\/wp-json\/wp\/v2\/users\/1"}],"replies":[{"embeddable":true,"href":"https:\/\/obalasplit.hr\/hr\/wp-json\/wp\/v2\/comments?post=1823"}],"version-history":[{"count":9,"href":"https:\/\/obalasplit.hr\/hr\/wp-json\/wp\/v2\/pages\/1823\/revisions"}],"predecessor-version":[{"id":1842,"href":"https:\/\/obalasplit.hr\/hr\/wp-json\/wp\/v2\/pages\/1823\/revisions\/1842"}],"wp:attachment":[{"href":"https:\/\/obalasplit.hr\/hr\/wp-json\/wp\/v2\/media?parent=1823"}],"curies":[{"name":"wp","href":"https:\/\/api.w.org\/{rel}","templated":true}]}}