{"id":17,"date":"2016-02-12T08:09:36","date_gmt":"2016-02-12T08:09:36","guid":{"rendered":"http:\/\/demos.famethemes.com\/onepress\/?page_id=17"},"modified":"2023-10-18T11:26:19","modified_gmt":"2023-10-18T11:26:19","slug":"our-history","status":"publish","type":"page","link":"https:\/\/obalasplit.hr\/hr\/our-history\/","title":{"rendered":"Povijest"},"content":{"rendered":"<p class=\"translation-block\">Obala d.o.o. Split je najstarija i jo\u0161 uvijek jedina tvrtka u Hrvatskoj koja pru\u017ea specijalizirane konzultantske i projektantske usluge za pomorske gra\u0111evine. Osnovana je 1948. godine kao Institut za istra\u017eivanje i projektiranje pomorskih radova \"Obala\" u Splitu, pri \u010demu je posebna grupa stru\u010dnjaka iz Savezne uprave za pomorstvo biv\u0161e dr\u017eave Jugoslavije dobila zadatak da samostalno rade na upravljanju obalom te planiranju i projektiranju pomorskih gra\u0111evina.\n\nStru\u010dnjaci iz Obala d.o.o. projektirali su preko 3.000 projekata i planova za izgradnju, rehabilitaciju, modernizaciju i pro\u0161irenje velikog broja pomorskih gra\u0111evina poput luka, lu\u010dkih objekata i opreme, svjetionika, brodogradili\u0161nih obala, dokova, itd., kao i brojne projekte razvoja obalnih podru\u010dja.\n\nStoga, studije izvodljivosti, planovi upravljanja, konceptualni dizajni, idejni projekti, glavni projekti, istra\u017eivanja, nadzor i konzultantske usluge pri dono\u0161enju investicijskih odluka i definiranju projektnih programa dokaz su visokog stupnja specijalizacije, stru\u010dnosti i iskustva stru\u010dnjaka koji rade za Obala d.o.o. Split..<\/p>\n\n\n<figure class=\"wp-block-image size-full\"><a href=\"https:\/\/obalasplit.hr\/wp-content\/uploads\/2023\/10\/Luka_original_1-scaled.jpg\"><img loading=\"lazy\" decoding=\"async\" width=\"2560\" height=\"1735\" src=\"https:\/\/obalasplit.hr\/wp-content\/uploads\/2023\/10\/Luka_original_1-scaled.jpg\" alt=\"\" class=\"wp-image-1539\" srcset=\"https:\/\/obalasplit.hr\/wp-content\/uploads\/2023\/10\/Luka_original_1-scaled.jpg 2560w, https:\/\/obalasplit.hr\/wp-content\/uploads\/2023\/10\/Luka_original_1-300x203.jpg 300w, https:\/\/obalasplit.hr\/wp-content\/uploads\/2023\/10\/Luka_original_1-1024x694.jpg 1024w, https:\/\/obalasplit.hr\/wp-content\/uploads\/2023\/10\/Luka_original_1-768x521.jpg 768w, https:\/\/obalasplit.hr\/wp-content\/uploads\/2023\/10\/Luka_original_1-1536x1041.jpg 1536w, https:\/\/obalasplit.hr\/wp-content\/uploads\/2023\/10\/Luka_original_1-2048x1388.jpg 2048w, https:\/\/obalasplit.hr\/wp-content\/uploads\/2023\/10\/Luka_original_1-18x12.jpg 18w\" sizes=\"auto, (max-width: 2560px) 100vw, 2560px\" \/><\/a><\/figure>\n\n\n\n<p><em><strong>Split, gradska luka.<\/strong><\/em><\/p>\n\n\n\n<figure class=\"wp-block-gallery has-nested-images columns-default is-cropped wp-block-gallery-1 is-layout-flex wp-block-gallery-is-layout-flex\">\n<figure class=\"wp-block-image size-full\"><a href=\"https:\/\/obalasplit.hr\/wp-content\/uploads\/2023\/10\/TIVAT-2-scaled.jpg\"><img loading=\"lazy\" decoding=\"async\" width=\"2560\" height=\"2516\" data-id=\"1542\" src=\"https:\/\/obalasplit.hr\/wp-content\/uploads\/2023\/10\/TIVAT-2-scaled.jpg\" alt=\"\" class=\"wp-image-1542\" srcset=\"https:\/\/obalasplit.hr\/wp-content\/uploads\/2023\/10\/TIVAT-2-scaled.jpg 2560w, https:\/\/obalasplit.hr\/wp-content\/uploads\/2023\/10\/TIVAT-2-300x295.jpg 300w, https:\/\/obalasplit.hr\/wp-content\/uploads\/2023\/10\/TIVAT-2-1024x1006.jpg 1024w, https:\/\/obalasplit.hr\/wp-content\/uploads\/2023\/10\/TIVAT-2-768x755.jpg 768w, https:\/\/obalasplit.hr\/wp-content\/uploads\/2023\/10\/TIVAT-2-1536x1510.jpg 1536w, https:\/\/obalasplit.hr\/wp-content\/uploads\/2023\/10\/TIVAT-2-2048x2013.jpg 2048w, https:\/\/obalasplit.hr\/wp-content\/uploads\/2023\/10\/TIVAT-2-12x12.jpg 12w\" sizes=\"auto, (max-width: 2560px) 100vw, 2560px\" \/><\/a><\/figure>\n\n\n\n<figure class=\"wp-block-image size-full\"><a href=\"https:\/\/obalasplit.hr\/wp-content\/uploads\/2023\/10\/TIVAT2-scaled.jpg\"><img loading=\"lazy\" decoding=\"async\" width=\"2560\" height=\"1755\" data-id=\"1541\" src=\"https:\/\/obalasplit.hr\/wp-content\/uploads\/2023\/10\/TIVAT2-scaled.jpg\" alt=\"\" class=\"wp-image-1541\" srcset=\"https:\/\/obalasplit.hr\/wp-content\/uploads\/2023\/10\/TIVAT2-scaled.jpg 2560w, https:\/\/obalasplit.hr\/wp-content\/uploads\/2023\/10\/TIVAT2-300x206.jpg 300w, https:\/\/obalasplit.hr\/wp-content\/uploads\/2023\/10\/TIVAT2-1024x702.jpg 1024w, https:\/\/obalasplit.hr\/wp-content\/uploads\/2023\/10\/TIVAT2-768x527.jpg 768w, https:\/\/obalasplit.hr\/wp-content\/uploads\/2023\/10\/TIVAT2-1536x1053.jpg 1536w, https:\/\/obalasplit.hr\/wp-content\/uploads\/2023\/10\/TIVAT2-2048x1404.jpg 2048w, https:\/\/obalasplit.hr\/wp-content\/uploads\/2023\/10\/TIVAT2-18x12.jpg 18w\" sizes=\"auto, (max-width: 2560px) 100vw, 2560px\" \/><\/a><\/figure>\n<\/figure>\n\n\n\n<p><strong><em>Tivat, Montenegro.<\/em><\/strong><\/p>","protected":false},"excerpt":{"rendered":"<p>Obala d.o.o. Split je najstarija i jo\u0161 uvijek jedina tvrtka u Hrvatskoj koja pru\u017ea specijalizirane konzultantske i dizajnerske usluge za pomorske gra\u0111evine.<\/p>","protected":false},"author":2,"featured_media":1482,"parent":0,"menu_order":0,"comment_status":"closed","ping_status":"closed","template":"","meta":{"footnotes":""},"class_list":["post-17","page","type-page","status-publish","has-post-thumbnail","hentry"],"_links":{"self":[{"href":"https:\/\/obalasplit.hr\/hr\/wp-json\/wp\/v2\/pages\/17","targetHints":{"allow":["GET"]}}],"collection":[{"href":"https:\/\/obalasplit.hr\/hr\/wp-json\/wp\/v2\/pages"}],"about":[{"href":"https:\/\/obalasplit.hr\/hr\/wp-json\/wp\/v2\/types\/page"}],"author":[{"embeddable":true,"href":"https:\/\/obalasplit.hr\/hr\/wp-json\/wp\/v2\/users\/2"}],"replies":[{"embeddable":true,"href":"https:\/\/obalasplit.hr\/hr\/wp-json\/wp\/v2\/comments?post=17"}],"version-history":[{"count":15,"href":"https:\/\/obalasplit.hr\/hr\/wp-json\/wp\/v2\/pages\/17\/revisions"}],"predecessor-version":[{"id":1550,"href":"https:\/\/obalasplit.hr\/hr\/wp-json\/wp\/v2\/pages\/17\/revisions\/1550"}],"wp:featuredmedia":[{"embeddable":true,"href":"https:\/\/obalasplit.hr\/hr\/wp-json\/wp\/v2\/media\/1482"}],"wp:attachment":[{"href":"https:\/\/obalasplit.hr\/hr\/wp-json\/wp\/v2\/media?parent=17"}],"curies":[{"name":"wp","href":"https:\/\/api.w.org\/{rel}","templated":true}]}}